{"id":10,"date":"2018-03-23T05:22:14","date_gmt":"2018-03-23T05:22:14","guid":{"rendered":"http:\/\/demo.megathe.me\/test2\/farah\/?page_id=10"},"modified":"2020-12-04T22:52:47","modified_gmt":"2020-12-04T22:52:47","slug":"info","status":"publish","type":"page","link":"https:\/\/demo.megathe.me\/skylab\/trevor\/info\/","title":{"rendered":"Info"},"content":{"rendered":"<p>[vc_row el_class=&#8221;light-margin&#8221;][vc_column][vc_column_text el_class=&#8221;link-transition&#8221;]<\/p>\n<p style=\"margin-left: 0;\">Ib\u00e1n Ram\u00f3n Rodr\u00edguez lives and works in Valencia (Spain). Professional designer since 1994, he created his own studio in 2001 specialized in editorial design, corporate identity and graphic communication. Ib\u00e1n Ram\u00f3n combines his work as a designer with teaching at several universities and design schools, in addition to the development of his personal projects, such as his photographic series.<\/p>\n<p style=\"margin-left: 0;\">Ib\u00e1n Ram\u00f3n Rodr\u00edguez<br \/>\nRio Segre 1, pta 1<br \/>\n46025 Valencia. Spain<br \/>\n<a href=\"tel: +34 656 356 223\">Tel.: +34 656 356 223<\/a><\/p>\n<p style=\"margin-left: 0;\"><a href=\"mailto:info@ibanramon.com\">info@ibanramon.com<\/a><br \/>\n<a href=\"https:\/\/www.instagram.com\/ibanramon\/\" target=\"_blank\" rel=\"noopener noreferrer\">instagram<\/a><br \/>\n<a href=\"https:\/\/www.facebook.com\/ibanramongrafico\" target=\"_blank\" rel=\"noopener noreferrer\">facebook<\/a><br \/>\n<a href=\"https:\/\/twitter.com\/ibanramon\" target=\"_blank\" rel=\"noopener noreferrer\">twitter<\/a><\/p>\n<p>[\/vc_column_text][\/vc_column][\/vc_row]<\/p>\n","protected":false},"excerpt":{"rendered":"<p>[vc_row el_class=&#8221;light-margin&#8221;][vc_column][vc_column_text el_class=&#8221;link-transition&#8221;] Ib\u00e1n Ram\u00f3n Rodr\u00edguez lives and works in Valencia (Spain). Professional designer since 1994, he created his own studio in 2001 specialized in editorial design, corporate identity and graphic communication. Ib\u00e1n Ram\u00f3n combines his work as a designer with teaching at several universities and design schools, in addition to the development of his &hellip;<\/p>\n","protected":false},"author":1,"featured_media":0,"parent":0,"menu_order":0,"comment_status":"closed","ping_status":"closed","template":"blank-page.php","meta":{"footnotes":""},"class_list":["post-10","page","type-page","status-publish","hentry"],"yoast_head":"<!-- This site is optimized with the Yoast SEO plugin v25.6 - https:\/\/yoast.com\/wordpress\/plugins\/seo\/ -->\n<title>Info - Ib\u00e1n Ram\u00f3n - Trevor Demo - Skylab - Responsive Creative Portfolio WordPress Theme<\/title>\n<meta name=\"robots\" content=\"index, follow, max-snippet:-1, max-image-preview:large, max-video-preview:-1\" \/>\n<link rel=\"canonical\" href=\"https:\/\/demo.megathe.me\/skylab\/trevor\/info\/\" \/>\n<meta property=\"og:locale\" content=\"en_US\" \/>\n<meta property=\"og:type\" content=\"article\" \/>\n<meta property=\"og:title\" content=\"Info - Ib\u00e1n Ram\u00f3n - Trevor Demo - Skylab - Responsive Creative Portfolio WordPress Theme\" \/>\n<meta property=\"og:description\" content=\"[vc_row el_class=&#8221;light-margin&#8221;][vc_column][vc_column_text el_class=&#8221;link-transition&#8221;] Ib\u00e1n Ram\u00f3n Rodr\u00edguez lives and works in Valencia (Spain). Professional designer since 1994, he created his own studio in 2001 specialized in editorial design, corporate identity and graphic communication. Ib\u00e1n Ram\u00f3n combines his work as a designer with teaching at several universities and design schools, in addition to the development of his &hellip;\" \/>\n<meta property=\"og:url\" content=\"https:\/\/demo.megathe.me\/skylab\/trevor\/info\/\" \/>\n<meta property=\"og:site_name\" content=\"Ib\u00e1n Ram\u00f3n\" \/>\n<meta property=\"article:modified_time\" content=\"2020-12-04T22:52:47+00:00\" \/>\n<meta name=\"twitter:card\" content=\"summary_large_image\" \/>\n<meta name=\"twitter:label1\" content=\"Est. reading time\" \/>\n\t<meta name=\"twitter:data1\" content=\"1 minute\" \/>\n<!-- \/ Yoast SEO plugin. -->","yoast_head_json":{"title":"Info - Ib\u00e1n Ram\u00f3n - Trevor Demo - Skylab - Responsive Creative Portfolio WordPress Theme","robots":{"index":"index","follow":"follow","max-snippet":"max-snippet:-1","max-image-preview":"max-image-preview:large","max-video-preview":"max-video-preview:-1"},"canonical":"https:\/\/demo.megathe.me\/skylab\/trevor\/info\/","og_locale":"en_US","og_type":"article","og_title":"Info - Ib\u00e1n Ram\u00f3n - Trevor Demo - Skylab - Responsive Creative Portfolio WordPress Theme","og_description":"[vc_row el_class=&#8221;light-margin&#8221;][vc_column][vc_column_text el_class=&#8221;link-transition&#8221;] Ib\u00e1n Ram\u00f3n Rodr\u00edguez lives and works in Valencia (Spain). Professional designer since 1994, he created his own studio in 2001 specialized in editorial design, corporate identity and graphic communication. Ib\u00e1n Ram\u00f3n combines his work as a designer with teaching at several universities and design schools, in addition to the development of his &hellip;","og_url":"https:\/\/demo.megathe.me\/skylab\/trevor\/info\/","og_site_name":"Ib\u00e1n Ram\u00f3n","article_modified_time":"2020-12-04T22:52:47+00:00","twitter_card":"summary_large_image","twitter_misc":{"Est. reading time":"1 minute"},"schema":{"@context":"https:\/\/schema.org","@graph":[{"@type":"WebPage","@id":"https:\/\/demo.megathe.me\/skylab\/trevor\/info\/","url":"https:\/\/demo.megathe.me\/skylab\/trevor\/info\/","name":"Info - Ib\u00e1n Ram\u00f3n - Trevor Demo - Skylab - Responsive Creative Portfolio WordPress Theme","isPartOf":{"@id":"https:\/\/demo.megathe.me\/skylab\/trevor\/#website"},"datePublished":"2018-03-23T05:22:14+00:00","dateModified":"2020-12-04T22:52:47+00:00","breadcrumb":{"@id":"https:\/\/demo.megathe.me\/skylab\/trevor\/info\/#breadcrumb"},"inLanguage":"en-US","potentialAction":[{"@type":"ReadAction","target":["https:\/\/demo.megathe.me\/skylab\/trevor\/info\/"]}]},{"@type":"BreadcrumbList","@id":"https:\/\/demo.megathe.me\/skylab\/trevor\/info\/#breadcrumb","itemListElement":[{"@type":"ListItem","position":1,"name":"Home","item":"https:\/\/demo.megathe.me\/skylab\/trevor\/"},{"@type":"ListItem","position":2,"name":"Info"}]},{"@type":"WebSite","@id":"https:\/\/demo.megathe.me\/skylab\/trevor\/#website","url":"https:\/\/demo.megathe.me\/skylab\/trevor\/","name":"Ib\u00e1n Ram\u00f3n","description":"Graphic Designer","potentialAction":[{"@type":"SearchAction","target":{"@type":"EntryPoint","urlTemplate":"https:\/\/demo.megathe.me\/skylab\/trevor\/?s={search_term_string}"},"query-input":{"@type":"PropertyValueSpecification","valueRequired":true,"valueName":"search_term_string"}}],"inLanguage":"en-US"}]}},"_links":{"self":[{"href":"https:\/\/demo.megathe.me\/skylab\/trevor\/wp-json\/wp\/v2\/pages\/10","targetHints":{"allow":["GET"]}}],"collection":[{"href":"https:\/\/demo.megathe.me\/skylab\/trevor\/wp-json\/wp\/v2\/pages"}],"about":[{"href":"https:\/\/demo.megathe.me\/skylab\/trevor\/wp-json\/wp\/v2\/types\/page"}],"author":[{"embeddable":true,"href":"https:\/\/demo.megathe.me\/skylab\/trevor\/wp-json\/wp\/v2\/users\/1"}],"replies":[{"embeddable":true,"href":"https:\/\/demo.megathe.me\/skylab\/trevor\/wp-json\/wp\/v2\/comments?post=10"}],"version-history":[{"count":1,"href":"https:\/\/demo.megathe.me\/skylab\/trevor\/wp-json\/wp\/v2\/pages\/10\/revisions"}],"predecessor-version":[{"id":972,"href":"https:\/\/demo.megathe.me\/skylab\/trevor\/wp-json\/wp\/v2\/pages\/10\/revisions\/972"}],"wp:attachment":[{"href":"https:\/\/demo.megathe.me\/skylab\/trevor\/wp-json\/wp\/v2\/media?parent=10"}],"curies":[{"name":"wp","href":"https:\/\/api.w.org\/{rel}","templated":true}]}}