{"id":8,"date":"2021-01-06T23:35:26","date_gmt":"2021-01-06T23:35:26","guid":{"rendered":"https:\/\/demo.megathe.me\/test2\/yvette\/?page_id=8"},"modified":"2023-07-24T13:18:05","modified_gmt":"2023-07-24T13:18:05","slug":"about","status":"publish","type":"page","link":"https:\/\/demo.megathe.me\/skylab\/yvette\/about\/","title":{"rendered":"About"},"content":{"rendered":"<p>[vc_row el_class=&#8221;no-margin full-width special&#8221; css=&#8221;.vc_custom_1616511036269{background-color: #e3e2de !important;}&#8221;][vc_column width=&#8221;1\/2&#8243; css=&#8221;.vc_custom_1603107296693{padding-top: 50px !important;padding-bottom: 50px !important;}&#8221;][vc_column_text el_class=&#8221;link-transition&#8221;]<\/p>\n<h3 style=\"margin-top: 0;\">Designer graphique, bas\u00e9e \u00e0 Montpellier, je con\u00e7ois et \u00e9labore des projets d\u2019identit\u00e9 visuelle ; de l\u2019image de marque \u00e0 l\u2019\u00e9dition. Mes comp\u00e9tences sont : la direction artistique, l\u2019imprim\u00e9, et le web design. J\u2019attache une importance particuli\u00e8re \u00e0 la singularit\u00e9 d\u2019une image de marque, ses signes, formes et couleurs.<\/h3>\n<p>Nourrie par la culture et la pratique de design graphique, je suis tr\u00e8s attach\u00e9e \u00e0 la composition (de mise en page comme d\u2019objets \u00e9ditoriaux) et \u00e0 la mise en espace de projets graphique ; plus pr\u00e9cis\u00e9ment, au rapport de l\u2019objet graphique dans son espace, son environnement. Issue d\u2019une formation professionnelle en graphisme, j\u2019ai aussi une sensibilit\u00e9 particuli\u00e8re pour la mat\u00e9rialit\u00e9 des objets imprim\u00e9s, leur rapport au corps et leurs sc\u00e9narios d\u2019utilisation.<\/p>\n<p>Cet int\u00e9r\u00eat est directement li\u00e9 aux choix de mat\u00e9riaux employ\u00e9s et aux travaux de fa\u00e7onnage auxquels j\u2019apporte une importance particuliere.<\/p>\n<p>Dipl\u00f4m\u00e9e en 2014, d\u2019un Dipl\u00f4me Sup\u00e9rieur en Art Appliqu\u00e9s, je suis disponible pour embauche et collaborations.<\/p>\n<p>Toulouse \u2013 Montpellier \u2013 B\u00e9ziers<\/p>\n<p><strong style=\"font-weight: 500;\">Disponible pour collaborations<\/strong><br \/>\n<a href=\"mailto:alexiaroux@me.com\">alexiaroux@me.com<\/a>[\/vc_column_text][\/vc_column][vc_column width=&#8221;1\/2&#8243;][vc_single_image image=&#8221;224&#8243; img_size=&#8221;full&#8221; alignment=&#8221;center&#8221;][\/vc_column][\/vc_row]<\/p>\n","protected":false},"excerpt":{"rendered":"<p>[vc_row el_class=&#8221;no-margin full-width special&#8221; css=&#8221;.vc_custom_1616511036269{background-color: #e3e2de !important;}&#8221;][vc_column width=&#8221;1\/2&#8243; css=&#8221;.vc_custom_1603107296693{padding-top: 50px !important;padding-bottom: 50px !important;}&#8221;][vc_column_text el_class=&#8221;link-transition&#8221;] Designer graphique, bas\u00e9e \u00e0 Montpellier, je con\u00e7ois et \u00e9labore des projets d\u2019identit\u00e9 visuelle ; de l\u2019image de marque \u00e0 l\u2019\u00e9dition. Mes comp\u00e9tences sont : la direction artistique, l\u2019imprim\u00e9, et le web design. J\u2019attache une importance particuli\u00e8re \u00e0 la singularit\u00e9 d\u2019une image &hellip;<\/p>\n","protected":false},"author":1,"featured_media":0,"parent":0,"menu_order":0,"comment_status":"closed","ping_status":"closed","template":"blank-page.php","meta":{"footnotes":""},"class_list":["post-8","page","type-page","status-publish","hentry"],"yoast_head":"<!-- This site is optimized with the Yoast SEO plugin v25.6 - https:\/\/yoast.com\/wordpress\/plugins\/seo\/ -->\n<title>About - Alexia Roux - Yvette Demo - Skylab - Responsive Creative Portfolio WordPress Theme<\/title>\n<meta name=\"robots\" content=\"index, follow, max-snippet:-1, max-image-preview:large, max-video-preview:-1\" \/>\n<link rel=\"canonical\" href=\"https:\/\/demo.megathe.me\/skylab\/yvette\/about\/\" \/>\n<meta property=\"og:locale\" content=\"en_US\" \/>\n<meta property=\"og:type\" content=\"article\" \/>\n<meta property=\"og:title\" content=\"About - Alexia Roux - Yvette Demo - Skylab - Responsive Creative Portfolio WordPress Theme\" \/>\n<meta property=\"og:description\" content=\"[vc_row el_class=&#8221;no-margin full-width special&#8221; css=&#8221;.vc_custom_1616511036269{background-color: #e3e2de !important;}&#8221;][vc_column width=&#8221;1\/2&#8243; css=&#8221;.vc_custom_1603107296693{padding-top: 50px !important;padding-bottom: 50px !important;}&#8221;][vc_column_text el_class=&#8221;link-transition&#8221;] Designer graphique, bas\u00e9e \u00e0 Montpellier, je con\u00e7ois et \u00e9labore des projets d\u2019identit\u00e9 visuelle ; de l\u2019image de marque \u00e0 l\u2019\u00e9dition. Mes comp\u00e9tences sont : la direction artistique, l\u2019imprim\u00e9, et le web design. J\u2019attache une importance particuli\u00e8re \u00e0 la singularit\u00e9 d\u2019une image &hellip;\" \/>\n<meta property=\"og:url\" content=\"https:\/\/demo.megathe.me\/skylab\/yvette\/about\/\" \/>\n<meta property=\"og:site_name\" content=\"Alexia Roux\" \/>\n<meta property=\"article:modified_time\" content=\"2023-07-24T13:18:05+00:00\" \/>\n<meta name=\"twitter:card\" content=\"summary_large_image\" \/>\n<meta name=\"twitter:label1\" content=\"Est. reading time\" \/>\n\t<meta name=\"twitter:data1\" content=\"1 minute\" \/>\n<!-- \/ Yoast SEO plugin. -->","yoast_head_json":{"title":"About - Alexia Roux - Yvette Demo - Skylab - Responsive Creative Portfolio WordPress Theme","robots":{"index":"index","follow":"follow","max-snippet":"max-snippet:-1","max-image-preview":"max-image-preview:large","max-video-preview":"max-video-preview:-1"},"canonical":"https:\/\/demo.megathe.me\/skylab\/yvette\/about\/","og_locale":"en_US","og_type":"article","og_title":"About - Alexia Roux - Yvette Demo - Skylab - Responsive Creative Portfolio WordPress Theme","og_description":"[vc_row el_class=&#8221;no-margin full-width special&#8221; css=&#8221;.vc_custom_1616511036269{background-color: #e3e2de !important;}&#8221;][vc_column width=&#8221;1\/2&#8243; css=&#8221;.vc_custom_1603107296693{padding-top: 50px !important;padding-bottom: 50px !important;}&#8221;][vc_column_text el_class=&#8221;link-transition&#8221;] Designer graphique, bas\u00e9e \u00e0 Montpellier, je con\u00e7ois et \u00e9labore des projets d\u2019identit\u00e9 visuelle ; de l\u2019image de marque \u00e0 l\u2019\u00e9dition. Mes comp\u00e9tences sont : la direction artistique, l\u2019imprim\u00e9, et le web design. J\u2019attache une importance particuli\u00e8re \u00e0 la singularit\u00e9 d\u2019une image &hellip;","og_url":"https:\/\/demo.megathe.me\/skylab\/yvette\/about\/","og_site_name":"Alexia Roux","article_modified_time":"2023-07-24T13:18:05+00:00","twitter_card":"summary_large_image","twitter_misc":{"Est. reading time":"1 minute"},"schema":{"@context":"https:\/\/schema.org","@graph":[{"@type":"WebPage","@id":"https:\/\/demo.megathe.me\/skylab\/yvette\/about\/","url":"https:\/\/demo.megathe.me\/skylab\/yvette\/about\/","name":"About - Alexia Roux - Yvette Demo - Skylab - Responsive Creative Portfolio WordPress Theme","isPartOf":{"@id":"https:\/\/demo.megathe.me\/skylab\/yvette\/#website"},"datePublished":"2021-01-06T23:35:26+00:00","dateModified":"2023-07-24T13:18:05+00:00","breadcrumb":{"@id":"https:\/\/demo.megathe.me\/skylab\/yvette\/about\/#breadcrumb"},"inLanguage":"en-US","potentialAction":[{"@type":"ReadAction","target":["https:\/\/demo.megathe.me\/skylab\/yvette\/about\/"]}]},{"@type":"BreadcrumbList","@id":"https:\/\/demo.megathe.me\/skylab\/yvette\/about\/#breadcrumb","itemListElement":[{"@type":"ListItem","position":1,"name":"Home","item":"https:\/\/demo.megathe.me\/skylab\/yvette\/"},{"@type":"ListItem","position":2,"name":"About"}]},{"@type":"WebSite","@id":"https:\/\/demo.megathe.me\/skylab\/yvette\/#website","url":"https:\/\/demo.megathe.me\/skylab\/yvette\/","name":"Alexia Roux","description":"Graphic Designer","potentialAction":[{"@type":"SearchAction","target":{"@type":"EntryPoint","urlTemplate":"https:\/\/demo.megathe.me\/skylab\/yvette\/?s={search_term_string}"},"query-input":{"@type":"PropertyValueSpecification","valueRequired":true,"valueName":"search_term_string"}}],"inLanguage":"en-US"}]}},"_links":{"self":[{"href":"https:\/\/demo.megathe.me\/skylab\/yvette\/wp-json\/wp\/v2\/pages\/8","targetHints":{"allow":["GET"]}}],"collection":[{"href":"https:\/\/demo.megathe.me\/skylab\/yvette\/wp-json\/wp\/v2\/pages"}],"about":[{"href":"https:\/\/demo.megathe.me\/skylab\/yvette\/wp-json\/wp\/v2\/types\/page"}],"author":[{"embeddable":true,"href":"https:\/\/demo.megathe.me\/skylab\/yvette\/wp-json\/wp\/v2\/users\/1"}],"replies":[{"embeddable":true,"href":"https:\/\/demo.megathe.me\/skylab\/yvette\/wp-json\/wp\/v2\/comments?post=8"}],"version-history":[{"count":4,"href":"https:\/\/demo.megathe.me\/skylab\/yvette\/wp-json\/wp\/v2\/pages\/8\/revisions"}],"predecessor-version":[{"id":276,"href":"https:\/\/demo.megathe.me\/skylab\/yvette\/wp-json\/wp\/v2\/pages\/8\/revisions\/276"}],"wp:attachment":[{"href":"https:\/\/demo.megathe.me\/skylab\/yvette\/wp-json\/wp\/v2\/media?parent=8"}],"curies":[{"name":"wp","href":"https:\/\/api.w.org\/{rel}","templated":true}]}}